{"id":12,"date":"2015-03-23T09:26:36","date_gmt":"2015-03-23T15:26:36","guid":{"rendered":"http:\/\/www.minec.gob.sv\/comercioexterior\/chile\/?page_id=8"},"modified":"2017-12-08T15:19:02","modified_gmt":"2017-12-08T21:19:02","slug":"informacion-general","status":"publish","type":"page","link":"https:\/\/minec.consiti.com\/ca\/","title":{"rendered":"Informaci\u00f3n General"},"content":{"rendered":"<h1><span style=\"color: #0000ff;\"><strong>Sistema de la Integraci\u00f3n Centroamericana<\/strong><\/span><\/h1>\n<p>La integraci\u00f3n Centroamericana, surge con la firma del <em><strong>Tratado General de Integraci\u00f3n Econ\u00f3mica Centroamericana<\/strong><\/em> el 13 de diciembre de 1960.<\/p>\n<figure id=\"attachment_36\" aria-describedby=\"caption-attachment-36\" style=\"width: 200px\" class=\"wp-caption alignnone pull-right right\"><a href=\"\/ca\/wp-content\/uploads\/sites\/7\/2015\/03\/Flag_of_the_Central_American_Integration_System.png\"><img loading=\"lazy\" decoding=\"async\" class=\"wp-image-36\" src=\"\/ca\/wp-content\/uploads\/sites\/7\/2015\/03\/Flag_of_the_Central_American_Integration_System.png\" alt=\"Bandera\" width=\"200\" height=\"133\" srcset=\"https:\/\/minec.consiti.com\/ca\/wp-content\/uploads\/sites\/7\/2015\/03\/Flag_of_the_Central_American_Integration_System.png 500w, https:\/\/minec.consiti.com\/ca\/wp-content\/uploads\/sites\/7\/2015\/03\/Flag_of_the_Central_American_Integration_System-300x200.png 300w, https:\/\/minec.consiti.com\/ca\/wp-content\/uploads\/sites\/7\/2015\/03\/Flag_of_the_Central_American_Integration_System-272x182.png 272w\" sizes=\"auto, (max-width: 200px) 100vw, 200px\" \/><\/a><figcaption id=\"caption-attachment-36\" class=\"wp-caption-text\">Bandera<\/figcaption><\/figure>\n<p>En dicho instrumento los pa\u00edses Guatemala, El Salvador, Honduras, Nicaragua y Costa Rica acuerdan establecer entre ellos un <em><strong>Mercado Com\u00fan Centroamericano (MCCA)<\/strong><\/em>, cuyo objetivo principal era unificar las econom\u00edas, impulsar en forma conjunta el desarrollo de Centroam\u00e9rica y mejorar las condiciones de vida de sus habitantes. Para tales fines se comprometieron a perfeccionar una zona de libre comercio, la adopci\u00f3n de un arancel externo com\u00fan, as\u00ed como, a constituir una Uni\u00f3n Aduanera entre sus territorios. Para tal fin, los pa\u00edses centroamericanos establecen el r\u00e9gimen de libre comercio para todos los productos originarios de sus respectivos territorios, con algunas excepciones comprendidas en el Anexo A al Tratado General de Integraci\u00f3n, lo que significa, que todos los productos originarios est\u00e1n exentos del pago de los Derechos Arancelarios a la Importaci\u00f3n (DAI) y exportaci\u00f3n, los derechos consulares y dem\u00e1s impuestos, sobrecargos y contribuciones vinculados a la importaci\u00f3n o exportaci\u00f3n o que se cobren en raz\u00f3n de ellas.<\/p>\n<p>El <em><strong>Tratado General de Integraci\u00f3n Econ\u00f3mica Centroamericana<\/strong><\/em> entr\u00f3 en vigencia:<\/p>\n<ul>\n<li>el 4 de junio de 1961 para Guatemala, El Salvador y Nicaragua;<\/li>\n<li>el 27 de abril de 1962 para Honduras y el<\/li>\n<li>23 de septiembre de 1963 para Costa Rica.<\/li>\n<\/ul>\n<figure id=\"attachment_35\" aria-describedby=\"caption-attachment-35\" style=\"width: 200px\" class=\"wp-caption alignright pull-right right\"><a href=\"\/ca\/wp-content\/uploads\/sites\/7\/2015\/03\/Logo_of_the_Central_American_Integration_System.png\"><img loading=\"lazy\" decoding=\"async\" class=\"wp-image-35\" src=\"\/ca\/wp-content\/uploads\/sites\/7\/2015\/03\/Logo_of_the_Central_American_Integration_System.png\" alt=\"Escudo\" width=\"200\" height=\"200\" \/><\/a><figcaption id=\"caption-attachment-35\" class=\"wp-caption-text\">Escudo<\/figcaption><\/figure>\n<p>Durante los 30 a\u00f1os posteriores a la firma del Tratado General, la regi\u00f3n enfrent\u00f3 crisis econ\u00f3micas y pol\u00edticas particularmente en los a\u00f1os 80, sin embargo, la regi\u00f3n experiment\u00f3 crecimientos significativos del comercio intrarregional, se redujo la lista de productos del Anexo A que no gozaban de libre comercio en la regi\u00f3n y se alcanz\u00f3 una mayor armonizaci\u00f3n en t\u00e9rminos arancelarios. Con el objetivo de alcanzar la integraci\u00f3n centroamericana, y constituir a Centroam\u00e9rica en una regi\u00f3n de \u201cPaz, Libertad, Democracia y Desarrollo\u201d es que se firma el <em><strong>Protocolo de Tegucigalpa a la Carta de la ODECA (Protocolo de Tegucigalpa)<\/strong><\/em>, el 13 de diciembre de 1991 por Guatemala, El Salvador, Honduras, Nicaragua, Costa Rica y Panam\u00e1. Mediante este Protocolo se establece y consolida el Sistema de la Integraci\u00f3n Centroamericana (SICA), como el marco institucional de la Integraci\u00f3n Regional de Centroam\u00e9rica, incorporando a Panam\u00e1 como Estado Miembro.<\/p>\n<p>Belice se adhiere en diciembre del a\u00f1o 2000, en calidad de Estado Miembro, seguido de Rep\u00fablica Dominicana que se incorpora en diciembre del 2003 en calidad de Estado Asociado. Posteriormente, los Estados Unidos Mexicanos (11 de Diciembre de 2004), la Rep\u00fablica de Chile (27 de junio de 2008) y la Rep\u00fablica Federativa del Brasil (7 de Octubre de 2008) y la Rep\u00fablica Argentina (5 de diciembre de 2008) se incorporan como Observadores Regionales; la Rep\u00fablica de China (Taiw\u00e1n) (24 de abril de 2002), el Reino de Espa\u00f1a (15 de octubre de 2005) y la Rep\u00fablica Federal de Alemania (27 de junio de 2008) y la Rep\u00fablica Italiana (5 de diciembre de 2008) se incorporan como Observadores Extrarregionales.<\/p>\n<p>Con el firme prop\u00f3sito de consolidar la democracia en la regi\u00f3n, de concretar un modelo de seguridad regional, superar la pobreza extrema, proteger el medio ambiente, lograr un sistema regional de bienestar y justicia econ\u00f3mica y social, fortalecer la regi\u00f3n como bloque econ\u00f3mico para insertarlo exitosamente en la econom\u00eda internacional y promover en forma arm\u00f3nica y equilibrada el desarrollo econ\u00f3mico, social, cultural y pol\u00edtico de los Estados miembros y de la regi\u00f3n en su conjunto; el SICA lo conforman cuatro subsistemas:<\/p>\n<ul>\n<li>Subsistema de Integraci\u00f3n Econ\u00f3mica<\/li>\n<li>Subsistema de Integraci\u00f3n Social<\/li>\n<li>Subsistema de Integraci\u00f3n Ambiental<\/li>\n<li>Subsistema de Integraci\u00f3n Pol\u00edtica<\/li>\n<\/ul>\n<p>Con esta nueva estructura y con el objetivo de alcanzar el desarrollo econ\u00f3mico y social equitativo y sostenible de los pa\u00edses centroamericanos, mediante un proceso que permita la transformaci\u00f3n y modernizaci\u00f3n de sus estructuras productivas, sociales y tecnol\u00f3gicas, eleve la competitividad y logre una reinserci\u00f3n eficiente y din\u00e1mica de Centroam\u00e9rica en la econom\u00eda internacional, es que los pa\u00edses centroamericanos toman la decisi\u00f3n de firmar el <em><strong>Protocolo al Tratado General de Integraci\u00f3n Econ\u00f3mica Centroamericana (Protocolo de Guatemala)<\/strong><\/em>, el 29 de octubre de 1993. Mediante este Protocolo, Guatemala, El Salvador, Honduras, Nicaragua y Costa Rica, se comprometen a alcanzar de manera voluntaria, gradual, complementaria y progresiva, la Uni\u00f3n Econ\u00f3mica Centroamericana cuyos avances deber\u00e1n responder a las necesidades de los pa\u00edses que integran la regi\u00f3n, sobre los siguientes fundamentos:<\/p>\n<ul>\n<li>La integraci\u00f3n econ\u00f3mica regional es un medio para maximizar las opciones de desarrollo de los pa\u00edses centroamericanos y vincularlos m\u00e1s provechosa y efectivamente a la econom\u00eda internacional.<\/li>\n<li>La integraci\u00f3n econ\u00f3mica se define como un proceso gradual, complementario y flexible de aproximaci\u00f3n de voluntades y pol\u00edticas.<\/li>\n<li>El proceso de integraci\u00f3n econ\u00f3mica se impulsar\u00e1 mediante la coordinaci\u00f3n, armonizaci\u00f3n y convergencia de las pol\u00edticas econ\u00f3micas, negociaciones comerciales extrarregionales, infraestructura y servicios, con el fin de lograr la concreci\u00f3n de las diferentes etapas de la integraci\u00f3n.<\/li>\n<li>El proceso de integraci\u00f3n econ\u00f3mica se regular\u00e1 por este Protocolo, en el marco del ordenamiento jur\u00eddico e institucional del SICA, y podr\u00e1 ser desarrollado mediante instrumentos complementarios o derivados.<\/li>\n<\/ul>\n<p>Es as\u00ed que el Subsistema de Integraci\u00f3n Econ\u00f3mica debe ajustarse a los siguientes principios: legalidad, consenso, gradualidad, flexibilidad, transparencia, reciprocidad, solidaridad, globalidad, simultaneidad y complementariedad.<\/p>\n<p>Mediante Declaraci\u00f3n Conjunta, en la Ciudad de Panam\u00e1 el seis de julio de dos mil diez y mediante la firma de un <em><strong>Protocolo de Incorporaci\u00f3n, la Rep\u00fablica de Panam\u00e1 se incorporar\u00e1 al Subsistema de Integraci\u00f3n Econ\u00f3mica Centroamericana<\/strong><\/em>.<\/p>\n","protected":false},"excerpt":{"rendered":"<p>Sistema de la Integraci\u00f3n Centroamericana La integraci\u00f3n Centroamericana, surge con la firma del Tratado General de Integraci\u00f3n Econ\u00f3mica Centroamericana el 13 de diciembre de 1960. En dicho instrumento los pa\u00edses Guatemala, El Salvador, Honduras, Nicaragua y Costa Rica acuerdan establecer entre ellos un Mercado Com\u00fan Centroamericano (MCCA), cuyo objetivo principal era unificar las econom\u00edas, impulsar [&hellip;]<\/p>\n","protected":false},"author":7,"featured_media":0,"parent":0,"menu_order":0,"comment_status":"closed","ping_status":"open","template":"page-treaty","meta":{"footnotes":""},"class_list":["post-12","page","type-page","status-publish","hentry"],"_links":{"self":[{"href":"https:\/\/minec.consiti.com\/ca\/wp-json\/wp\/v2\/pages\/12","targetHints":{"allow":["GET"]}}],"collection":[{"href":"https:\/\/minec.consiti.com\/ca\/wp-json\/wp\/v2\/pages"}],"about":[{"href":"https:\/\/minec.consiti.com\/ca\/wp-json\/wp\/v2\/types\/page"}],"author":[{"embeddable":true,"href":"https:\/\/minec.consiti.com\/ca\/wp-json\/wp\/v2\/users\/7"}],"replies":[{"embeddable":true,"href":"https:\/\/minec.consiti.com\/ca\/wp-json\/wp\/v2\/comments?post=12"}],"version-history":[{"count":9,"href":"https:\/\/minec.consiti.com\/ca\/wp-json\/wp\/v2\/pages\/12\/revisions"}],"predecessor-version":[{"id":260,"href":"https:\/\/minec.consiti.com\/ca\/wp-json\/wp\/v2\/pages\/12\/revisions\/260"}],"wp:attachment":[{"href":"https:\/\/minec.consiti.com\/ca\/wp-json\/wp\/v2\/media?parent=12"}],"curies":[{"name":"wp","href":"https:\/\/api.w.org\/{rel}","templated":true}]}}