{"id":181,"date":"2017-11-09T21:49:48","date_gmt":"2017-11-10T03:49:48","guid":{"rendered":"http:\/\/comext.minec.gob.sv\/ca\/?page_id=181"},"modified":"2019-02-07T14:56:55","modified_gmt":"2019-02-07T20:56:55","slug":"incorporacion-de-el-salvador-a-integracion-profunda","status":"publish","type":"page","link":"https:\/\/minec.consiti.com\/ca\/integracion-profunda\/incorporacion-de-el-salvador-a-integracion-profunda\/","title":{"rendered":"Incorporaci\u00f3n de El Salvador a Integracion Profunda"},"content":{"rendered":"<p><strong>Base Legal:<\/strong><\/p>\n<ul>\n<li><strong>Art.XXIV del GATT de 1994<\/strong>, faculta a los Miembros de la OMC a establecer zonas de libre comercio y uniones aduaneras.<\/li>\n<li><strong>Art.6 Protocolo de Guatemala<\/strong>, el cual establece que para avanzar hacia la Uni\u00f3n Econ\u00f3mica, algunos Estados Miembros pueden hacerlo con mayor celeridad.<\/li>\n<li><strong>Convenio Marco para el Establecimiento de la Uni\u00f3n Aduanera Centroamericana 2007<\/strong>, el cual establece la libre circulaci\u00f3n y facilitaci\u00f3n del comercio como primera etapa de la Uni\u00f3n Aduanera.<\/li>\n<\/ul>\n<p><img loading=\"lazy\" decoding=\"async\" class=\"alignnone size-medium wp-image-222\" src=\"http:\/\/minec.consiti.com\/ca\/wp-content\/uploads\/sites\/7\/2017\/11\/UA-300x199.jpg\" alt=\"\" width=\"300\" height=\"199\" srcset=\"https:\/\/minec.consiti.com\/ca\/wp-content\/uploads\/sites\/7\/2017\/11\/UA-300x199.jpg 300w, https:\/\/minec.consiti.com\/ca\/wp-content\/uploads\/sites\/7\/2017\/11\/UA-768x510.jpg 768w, https:\/\/minec.consiti.com\/ca\/wp-content\/uploads\/sites\/7\/2017\/11\/UA.jpg 872w\" sizes=\"auto, (max-width: 300px) 100vw, 300px\" \/><\/p>\n<hr \/>\n<p><strong>Decisi\u00f3n Presidencial para avanzar en la Uni\u00f3n Aduanera del Tri\u00e1ngulo Norte:<\/strong><\/p>\n<p>El pasado 29 de junio de 2017, se llev\u00f3 a cabo Reuni\u00f3n de Presidentes del SICA, en San Jos\u00e9, Costa Rica.<br \/>\nEl Presidente Salvador S\u00e1nchez Cer\u00e9n tom\u00f3 la decisi\u00f3n de incorporar a El Salvador en la Uni\u00f3n Aduanera que hasta el momento ha llevado a cabo Honduras y Guatemala.<br \/>\nAsimismo, el Presidente de la Rep\u00fablica instruy\u00f3 a iniciar dichos trabajos bajo la coordinaci\u00f3n del Ministerio de Econom\u00eda.<\/p>\n<p><img loading=\"lazy\" decoding=\"async\" class=\"alignnone wp-image-287\" src=\"http:\/\/minec.consiti.com\/ca\/wp-content\/uploads\/sites\/7\/2019\/02\/logo-trinacional.png\" alt=\"\" width=\"357\" height=\"248\" \/><\/p>\n<hr \/>\n<p>Se han conformado inicialmente <strong>8<\/strong> mesas t\u00e9cnicas:<\/p>\n<ul>\n<li>Coordinadores.<\/li>\n<li>Aduanas.<\/li>\n<li>Tributos internos.<\/li>\n<li>Transporte a\u00e9reo.<\/li>\n<li>Origen.<\/li>\n<li>Aranceles.<\/li>\n<li>Medidas Sanitarias y Fitosanitarias.<\/li>\n<li>Migraci\u00f3n.<\/li>\n<\/ul>\n<p><img loading=\"lazy\" decoding=\"async\" class=\"alignnone size-medium wp-image-224\" src=\"http:\/\/minec.consiti.com\/ca\/wp-content\/uploads\/sites\/7\/2017\/11\/Mesas-300x177.jpg\" alt=\"\" width=\"300\" height=\"177\" srcset=\"https:\/\/minec.consiti.com\/ca\/wp-content\/uploads\/sites\/7\/2017\/11\/Mesas-300x177.jpg 300w, https:\/\/minec.consiti.com\/ca\/wp-content\/uploads\/sites\/7\/2017\/11\/Mesas-768x454.jpg 768w, https:\/\/minec.consiti.com\/ca\/wp-content\/uploads\/sites\/7\/2017\/11\/Mesas.jpg 919w\" sizes=\"auto, (max-width: 300px) 100vw, 300px\" \/><\/p>\n<p>&nbsp;<\/p>\n<hr \/>\n<p><strong>Aspectos relevantes del Proceso:<\/strong><\/p>\n<ul>\n<li>No se trata de una adhesi\u00f3n pura y simple.<\/li>\n<li>El Salvador se encuentra en un proceso de negociaci\u00f3n de los t\u00e9rminos y condiciones bajo los cuales se incorporar\u00e1 a este proceso.<\/li>\n<li>Dichas negociaciones dar\u00e1n como resultado el Marco General de las Negociaciones y el Protocolo de Incorporaci\u00f3n.<\/li>\n<\/ul>\n<hr \/>\n<p><strong>Acciones realizadas:<\/strong><\/p>\n<ul>\n<li>25 al 27 de julio de 2017: Reuni\u00f3n trinacional en la sede de la SIECA, contando con la participaci\u00f3n de instituciones de gobierno y representantes del sector privado (CIFACIL y ODASP).<\/li>\n<li>Agosto\u2013Octubre de 2017: 3 reuniones de coordinaci\u00f3n interinstitucional, identific\u00e1ndose 126 tareas y 208 sub-tareas.<\/li>\n<li>4-5 Octubre de 2017: Visitas in situ a puestos fronterizos Anguiat\u00fa, San Crist\u00f3bal, La Hachadura y Las Chinamas.<\/li>\n<li>16 al 18 de Octubre\u00a0 de 2017: I Ronda de Negociaciones para la Incorporaci\u00f3n de El Salvador.<\/li>\n<li>27 de noviembre al 1 de diciembre de 2017:\u00a0II Ronda de negociaciones en Guatemala.<\/li>\n<li>12 al 16 de febrero de 2018: III Ronda de negociaciones en Tegucigalpa.<\/li>\n<li>9 al 13 de abril de 2018: IV Ronda de negociaciones en San Salvador<\/li>\n<li>28 de mayo al 1 de junio de 2018: V Ronda de negociaciones en Ciudad de Guatemala.<\/li>\n<li>20 de julio de 2018. Ratificaci\u00f3n por Asamblea Legislativa de El Salvador del Protocolo de Adhesi\u00f3n de El Salvador al Protocolo Habilitante para la integraci\u00f3n profunda entre Guatemala y Honduras.<\/li>\n<li>16 de agosto de 2018. El Salvador deposit\u00f3 el Protocolo de Adhesi\u00f3n al Protocolo Habilitante para la Integraci\u00f3n Profunda iniciada por Guatemala y Honduras, en la Secretar\u00eda de Integraci\u00f3n Econ\u00f3mica Centroamericana (SICA).<\/li>\n<li>12 al 16 de noviembre de 2018. VII Ronda de negociaciones en San Salvador.<\/li>\n<\/ul>\n<hr \/>\n<p><strong>Resultados a corto plazo:<\/strong><\/p>\n<p>Se tiene previsto contar con resultados en el corto plazo, en los siguientes temas:<\/p>\n<ul>\n<li>Marco General de las negociaciones.<\/li>\n<li>Ratificaci\u00f3n del Convenio de Compatibilizaci\u00f3n de Impuestos Internos.<\/li>\n<li>Migraci\u00f3n: paso \u00e1gil.<\/li>\n<li>Transporte a\u00e9reo.<\/li>\n<li>Se espera avanzar entre un 60% a 80% de los textos del Protocolo de Incorporaci\u00f3n y dem\u00e1s instrumentos complementarios.<\/li>\n<\/ul>\n<hr \/>\n<p><strong>Pr\u00f3ximos pasos:<\/strong><\/p>\n<ul>\n<li>Negociaciones con Guatemala y Honduras.<\/li>\n<li>Ratificaci\u00f3n de instrumentos legales para la incorporaci\u00f3n.<\/li>\n<li>Participaci\u00f3n de El Salvador en calidad de observador en las siguientes etapas del proceso de Uni\u00f3n Aduanera Guatemala y Honduras y posteriormente como Estado Parte.<\/li>\n<li>Proceso de consultas a nivel interno con el sector privado sobre lista de productos exceptuados de la libre circulaci\u00f3n, entre otros.<\/li>\n<\/ul>\n<hr \/>\n<p>&nbsp;<\/p>\n<p>&nbsp;<\/p>\n","protected":false},"excerpt":{"rendered":"<p>Base Legal: Art.XXIV del GATT de 1994, faculta a los Miembros de la OMC a establecer zonas de libre comercio y uniones aduaneras. Art.6 Protocolo de Guatemala, el cual establece que para avanzar hacia la Uni\u00f3n Econ\u00f3mica, algunos Estados Miembros pueden hacerlo con mayor celeridad. Convenio Marco para el Establecimiento de la Uni\u00f3n Aduanera Centroamericana [&hellip;]<\/p>\n","protected":false},"author":7,"featured_media":0,"parent":14,"menu_order":1,"comment_status":"closed","ping_status":"closed","template":"page-treaty","meta":{"footnotes":""},"class_list":["post-181","page","type-page","status-publish","hentry"],"_links":{"self":[{"href":"https:\/\/minec.consiti.com\/ca\/wp-json\/wp\/v2\/pages\/181","targetHints":{"allow":["GET"]}}],"collection":[{"href":"https:\/\/minec.consiti.com\/ca\/wp-json\/wp\/v2\/pages"}],"about":[{"href":"https:\/\/minec.consiti.com\/ca\/wp-json\/wp\/v2\/types\/page"}],"author":[{"embeddable":true,"href":"https:\/\/minec.consiti.com\/ca\/wp-json\/wp\/v2\/users\/7"}],"replies":[{"embeddable":true,"href":"https:\/\/minec.consiti.com\/ca\/wp-json\/wp\/v2\/comments?post=181"}],"version-history":[{"count":11,"href":"https:\/\/minec.consiti.com\/ca\/wp-json\/wp\/v2\/pages\/181\/revisions"}],"predecessor-version":[{"id":289,"href":"https:\/\/minec.consiti.com\/ca\/wp-json\/wp\/v2\/pages\/181\/revisions\/289"}],"up":[{"embeddable":true,"href":"https:\/\/minec.consiti.com\/ca\/wp-json\/wp\/v2\/pages\/14"}],"wp:attachment":[{"href":"https:\/\/minec.consiti.com\/ca\/wp-json\/wp\/v2\/media?parent=181"}],"curies":[{"name":"wp","href":"https:\/\/api.w.org\/{rel}","templated":true}]}}