{"id":203,"date":"2017-11-10T15:07:36","date_gmt":"2017-11-10T21:07:36","guid":{"rendered":"http:\/\/comext.minec.gob.sv\/ca\/?page_id=203"},"modified":"2019-02-07T14:28:50","modified_gmt":"2019-02-07T20:28:50","slug":"integracion-profunda-guatemala-honduras","status":"publish","type":"page","link":"https:\/\/minec.consiti.com\/ca\/integracion-profunda\/integracion-profunda-guatemala-honduras\/","title":{"rendered":"Integraci\u00f3n Profunda Guatemala -Honduras"},"content":{"rendered":"<p>El proceso de Integraci\u00f3n Profunda implementado entre El Salvador, Guatemala y Honduras tiene como fundamento legal los instrumentos jur\u00eddicos de la integraci\u00f3n econ\u00f3mica centroamericana y establece la creaci\u00f3n de un territorio aduanero \u00fanico. Para implementar este nuevo modelo de comercio, se han creado los Puestos Fronterizos Integrados, que cuentan con Centros de Facilitaci\u00f3n del Comercio para garantizar un paso \u00e1gil de las mercanc\u00edas y los Centros de Control para atender a las mercanc\u00edas exceptuadas de la libre circulaci\u00f3n. A esto se suma la pr\u00f3xima implementaci\u00f3n de las Aduanas Perif\u00e9ricas de la Uni\u00f3n Aduanera, que servir\u00e1n para atender las operaciones aduaneras de mercanc\u00edas que ingresan al territorio aduanero \u00fanico.<\/p>\n<p>&nbsp;<\/p>\n<p style=\"text-align: center;\"><img loading=\"lazy\" decoding=\"async\" class=\"alignnone wp-image-283\" src=\"http:\/\/minec.consiti.com\/ca\/wp-content\/uploads\/sites\/7\/2019\/02\/Unionaduanera.png\" alt=\"\" width=\"628\" height=\"1151\" \/><\/p>\n<p>&nbsp;<\/p>\n<p>&nbsp;<\/p>\n","protected":false},"excerpt":{"rendered":"<p>El proceso de Integraci\u00f3n Profunda implementado entre El Salvador, Guatemala y Honduras tiene como fundamento legal los instrumentos jur\u00eddicos de la integraci\u00f3n econ\u00f3mica centroamericana y establece la creaci\u00f3n de un territorio aduanero \u00fanico. Para implementar este nuevo modelo de comercio, se han creado los Puestos Fronterizos Integrados, que cuentan con Centros de Facilitaci\u00f3n del Comercio [&hellip;]<\/p>\n","protected":false},"author":12,"featured_media":0,"parent":14,"menu_order":0,"comment_status":"closed","ping_status":"closed","template":"page-treaty","meta":{"footnotes":""},"class_list":["post-203","page","type-page","status-publish","hentry"],"_links":{"self":[{"href":"https:\/\/minec.consiti.com\/ca\/wp-json\/wp\/v2\/pages\/203","targetHints":{"allow":["GET"]}}],"collection":[{"href":"https:\/\/minec.consiti.com\/ca\/wp-json\/wp\/v2\/pages"}],"about":[{"href":"https:\/\/minec.consiti.com\/ca\/wp-json\/wp\/v2\/types\/page"}],"author":[{"embeddable":true,"href":"https:\/\/minec.consiti.com\/ca\/wp-json\/wp\/v2\/users\/12"}],"replies":[{"embeddable":true,"href":"https:\/\/minec.consiti.com\/ca\/wp-json\/wp\/v2\/comments?post=203"}],"version-history":[{"count":5,"href":"https:\/\/minec.consiti.com\/ca\/wp-json\/wp\/v2\/pages\/203\/revisions"}],"predecessor-version":[{"id":285,"href":"https:\/\/minec.consiti.com\/ca\/wp-json\/wp\/v2\/pages\/203\/revisions\/285"}],"up":[{"embeddable":true,"href":"https:\/\/minec.consiti.com\/ca\/wp-json\/wp\/v2\/pages\/14"}],"wp:attachment":[{"href":"https:\/\/minec.consiti.com\/ca\/wp-json\/wp\/v2\/media?parent=203"}],"curies":[{"name":"wp","href":"https:\/\/api.w.org\/{rel}","templated":true}]}}