{"id":23,"date":"2015-03-23T09:28:03","date_gmt":"2015-03-23T15:28:03","guid":{"rendered":"http:\/\/www.minec.gob.sv\/comercioexterior\/chile\/?page_id=23"},"modified":"2019-10-17T07:19:35","modified_gmt":"2019-10-17T13:19:35","slug":"planes-de-trabajo","status":"publish","type":"page","link":"https:\/\/minec.consiti.com\/ca\/planes-de-trabajo\/","title":{"rendered":"Planes de Trabajo"},"content":{"rendered":"<h2><span style=\"color: #0000ff;\"><strong>Hoja de Ruta Uni\u00f3n Aduanera 2015 \u2013 2024<\/strong><\/span><\/h2>\n<figure id=\"attachment_237\" aria-describedby=\"caption-attachment-237\" style=\"width: 223px\" class=\"wp-caption alignnone\"><a href=\"\/ca\/wp-content\/uploads\/sites\/7\/2018\/02\/Hoja-de-Ruta-para-avanzar-en-la-Union-Aduanera.pdf\" target=\"_blank\" rel=\"noopener noreferrer\"><img loading=\"lazy\" decoding=\"async\" class=\"wp-image-237\" src=\"http:\/\/minec.consiti.com\/ca\/wp-content\/uploads\/sites\/7\/2017\/11\/plan-accion-300x233.jpg\" alt=\"\" width=\"223\" height=\"173\" srcset=\"https:\/\/minec.consiti.com\/ca\/wp-content\/uploads\/sites\/7\/2017\/11\/plan-accion-300x233.jpg 300w, https:\/\/minec.consiti.com\/ca\/wp-content\/uploads\/sites\/7\/2017\/11\/plan-accion.jpg 403w\" sizes=\"auto, (max-width: 223px) 100vw, 223px\" \/><\/a><figcaption id=\"caption-attachment-237\" class=\"wp-caption-text\"><a href=\"\/ca\/wp-content\/uploads\/sites\/7\/2018\/02\/Hoja-de-Ruta-para-avanzar-en-la-Union-Aduanera.pdf\" target=\"_blank\" rel=\"noopener noreferrer\">Descargar<\/a><\/figcaption><\/figure>\n<p>Durante la XLIV Reuni\u00f3n de Jefes de Estado y de Gobierno de los pa\u00edses miembros del SICA (Declaraci\u00f3n de Placencia), los presidentes de la regi\u00f3n instruyeron a los Ministros de la Integraci\u00f3n Econ\u00f3mica Centroamericana a elaborar una hoja de ruta que contemple tiempos, plazos y responsables para los trabajos conducentes al establecimiento de la Uni\u00f3n Aduanera Centroamericana de conformidad con el Convenio Marco para el Establecimiento de la Uni\u00f3n Aduanera Centroamericana en sus 3 fases fundamentales.<\/p>\n<hr \/>\n<h2><span style=\"color: #0000ff;\"><strong>Plan de Trabajo<\/strong><\/span><\/h2>\n<p>Es el plan de trabajo de cada Presidencia Pro T\u00e9mpore que guiar\u00e1 el trabajo de los diferentes Grupos T\u00e9cnicos que conforman las negociaciones de la Uni\u00f3n Aduanera Centroamericana.<\/p>\n<p><a href=\"\/ca\/wp-content\/uploads\/sites\/7\/2019\/10\/Plan-de-Trabajo-PPT-SV-II-Semestre-2019.pdf\" target=\"_blank\" rel=\"noopener noreferrer\">Plan de trabajo Segundo Semestre 2019<\/a><\/p>\n","protected":false},"excerpt":{"rendered":"<p>Hoja de Ruta Uni\u00f3n Aduanera 2015 \u2013 2024 Durante la XLIV Reuni\u00f3n de Jefes de Estado y de Gobierno de los pa\u00edses miembros del SICA (Declaraci\u00f3n de Placencia), los presidentes de la regi\u00f3n instruyeron a los Ministros de la Integraci\u00f3n Econ\u00f3mica Centroamericana a elaborar una hoja de ruta que contemple tiempos, plazos y responsables para [&hellip;]<\/p>\n","protected":false},"author":7,"featured_media":0,"parent":0,"menu_order":0,"comment_status":"closed","ping_status":"closed","template":"page-treaty","meta":{"footnotes":""},"class_list":["post-23","page","type-page","status-publish","hentry"],"_links":{"self":[{"href":"https:\/\/minec.consiti.com\/ca\/wp-json\/wp\/v2\/pages\/23","targetHints":{"allow":["GET"]}}],"collection":[{"href":"https:\/\/minec.consiti.com\/ca\/wp-json\/wp\/v2\/pages"}],"about":[{"href":"https:\/\/minec.consiti.com\/ca\/wp-json\/wp\/v2\/types\/page"}],"author":[{"embeddable":true,"href":"https:\/\/minec.consiti.com\/ca\/wp-json\/wp\/v2\/users\/7"}],"replies":[{"embeddable":true,"href":"https:\/\/minec.consiti.com\/ca\/wp-json\/wp\/v2\/comments?post=23"}],"version-history":[{"count":10,"href":"https:\/\/minec.consiti.com\/ca\/wp-json\/wp\/v2\/pages\/23\/revisions"}],"predecessor-version":[{"id":1169,"href":"https:\/\/minec.consiti.com\/ca\/wp-json\/wp\/v2\/pages\/23\/revisions\/1169"}],"wp:attachment":[{"href":"https:\/\/minec.consiti.com\/ca\/wp-json\/wp\/v2\/media?parent=23"}],"curies":[{"name":"wp","href":"https:\/\/api.w.org\/{rel}","templated":true}]}}